{"id":1574,"date":"2021-03-03T11:14:35","date_gmt":"2021-03-03T10:14:35","guid":{"rendered":"https:\/\/www.alpes-usinage.com\/creation-entreprise\/"},"modified":"2021-11-19T10:09:01","modified_gmt":"2021-11-19T09:09:01","slug":"gruendung-unternehmens","status":"publish","type":"page","link":"https:\/\/www.alpes-usinage.com\/de\/gruendung-unternehmens\/","title":{"rendered":"Gr\u00fcndung des Unternehmens"},"content":{"rendered":"<p>[vc_row full_width=&#8220;stretch_row&#8220; el_class=&#8220;bandeau process&#8220; css=&#8220;.vc_custom_1608191121453{background-color: #01214b !important;}&#8220;][vc_column][vc_empty_space height=&#8220;0&#8243;][vc_column_text css=&#8220;.vc_custom_1636118056404{margin-top: 20px !important;margin-bottom: 20px !important;}&#8220;]<\/p>\n<h1 class=\"txt-blanc\" style=\"text-align: center;\"><strong>HISTORIE<\/strong><\/h1>\n<p>[\/vc_column_text][vc_empty_space height=&#8220;0&#8243;][\/vc_column][\/vc_row][vc_row full_width=&#8220;stretch_row_content&#8220;][vc_column width=&#8220;1\/2&#8243; el_class=&#8220;block-titre-txt-btn-g&#8220;][vc_column_text]<\/p>\n<h2><strong>GR\u00dcNDUNG DES UNTERNEHMENS<\/strong><\/h2>\n<p class=\"sous-titre-h3\">1978<\/p>\n<p>Die Geschwister Laurence DUMAZER und Paul DUJOURDHUI, deren Familie bereits in der Dreherei t\u00e4tig war, stammen aus dem Arve-Tal und haben dort Feinmechanik studierten. Sie gr\u00fcndeten 1978 in Marnaz ihr Unternehmen f\u00fcr mechanische Bearbeitung.<br \/>\nEine starke Idee: sie bewiesen, dass es, im Gegensatz zur vorherrschenden Meinung in einer Branche, die sich auf Gro\u00dfserien konzentriert, m\u00f6glich ist, komplexe Teile in hoher Qualit\u00e4t und Pr\u00e4zision in kleinen und mittleren Serien zu einem wettbewerbsf\u00e4higen Preis zu fertigen und Gewinne zu erzielen.<\/p>\n<p>UND SIE GEWANNEN IHRE WETTE!<\/p>\n<p>Die L\u00f6sung hei\u00dft Flexibilit\u00e4t, basierend auf 3 Pfeilern:<\/p>\n<ul>\n<li>fortgeschrittene Technologie,<\/li>\n<li>ausgefeilte Methoden und Fertigung,<\/li>\n<li>ein verantwortungsbewu\u00dftes und kompetentes Team.<\/li>\n<\/ul>\n<p>[\/vc_column_text][\/vc_column][vc_column width=&#8220;1\/2&#8243;][vc_single_image image=&#8220;1577&#8243; img_size=&#8220;full&#8220; alignment=&#8220;center&#8220;][\/vc_column][\/vc_row][vc_row][vc_column width=&#8220;1\/3&#8243;][vc_btn title=&#8220;Zur\u00fcck&#8220; style=&#8220;custom&#8220; custom_background=&#8220;#2c94c7&#8243; custom_text=&#8220;#ffffff&#8220; shape=&#8220;square&#8220; align=&#8220;center&#8220; i_align=&#8220;right&#8220; i_icon_fontawesome=&#8220;fas fa-angle-up&#8220; add_icon=&#8220;true&#8220; el_class=&#8220;btn-style btn-style-retour&#8220; link=&#8220;url:https%3A%2F%2Fwww.alpes-usinage.com%2Fde%2F|title:home&#8220;][\/vc_column][vc_column width=&#8220;1\/3&#8243;][vc_btn title=&#8220;Weiter&#8220; style=&#8220;custom&#8220; custom_background=&#8220;#2c94c7&#8243; custom_text=&#8220;#ffffff&#8220; shape=&#8220;square&#8220; align=&#8220;center&#8220; i_align=&#8220;right&#8220; i_icon_fontawesome=&#8220;fas fa-chevron-right&#8220; add_icon=&#8220;true&#8220; el_class=&#8220;btn-style btn-style-dev&#8220; link=&#8220;url:https%3A%2F%2Fwww.alpes-usinage.com%2Fde%2Fentwicklung-eines-einzigartigen-geschaeftsmodells%2F|title:D%C3%A9veloppement%20d%E2%80%99un%20business%20mod%C3%A8le%20unique&#8220;][\/vc_column][vc_column width=&#8220;1\/3&#8243;][\/vc_column][\/vc_row]<\/p>\n","protected":false},"excerpt":{"rendered":"<p>[vc_row full_width=&#8220;stretch_row&#8220; el_class=&#8220;bandeau process&#8220; css=&#8220;.vc_custom_1608191121453{background-color: #01214b !important;}&#8220;][vc_column][vc_empty_space height=&#8220;0&#8243;][vc_column_text css=&#8220;.vc_custom_1636118056404{margin-top: 20px !important;margin-bottom: 20px !important;}&#8220;] HISTORIE [\/vc_column_text][vc_empty_space height=&#8220;0&#8243;][\/vc_column][\/vc_row][vc_row full_width=&#8220;stretch_row_content&#8220;][vc_column width=&#8220;1\/2&#8243; el_class=&#8220;block-titre-txt-btn-g&#8220;][vc_column_text] GR\u00dcNDUNG DES UNTERNEHMENS 1978 Die Geschwister Laurence<span class=\"excerpt-hellip\"> [\u2026]<\/span><\/p>\n","protected":false},"author":1,"featured_media":0,"parent":0,"menu_order":0,"comment_status":"closed","ping_status":"closed","template":"","meta":[],"yoast_head":"<!-- This site is optimized with the Yoast SEO plugin v19.8 - https:\/\/yoast.com\/wordpress\/plugins\/seo\/ -->\n<title>Alpes Usinage<\/title>\n<meta name=\"description\" content=\"Alpes Usinage\" \/>\n<meta name=\"robots\" content=\"noindex, follow\" \/>\n<meta property=\"og:locale\" content=\"de_DE\" \/>\n<meta property=\"og:type\" content=\"article\" \/>\n<meta property=\"og:title\" content=\"Alpes Usinage\" \/>\n<meta property=\"og:description\" content=\"Alpes Usinage\" \/>\n<meta property=\"og:url\" content=\"https:\/\/www.alpes-usinage.com\/creation-entreprise\/\" \/>\n<meta property=\"og:site_name\" content=\"D\u00e9coprem\" \/>\n<meta property=\"article:modified_time\" content=\"2021-11-19T09:09:01+00:00\" \/>\n<meta name=\"twitter:card\" content=\"summary_large_image\" \/>\n<meta name=\"twitter:label1\" content=\"Gesch\u00e4tzte Lesezeit\" \/>\n\t<meta name=\"twitter:data1\" content=\"2\u00a0Minuten\" \/>\n<script type=\"application\/ld+json\" class=\"yoast-schema-graph\">{\"@context\":\"https:\/\/schema.org\",\"@graph\":[{\"@type\":\"WebPage\",\"@id\":\"https:\/\/www.alpes-usinage.com\/creation-entreprise\/\",\"url\":\"https:\/\/www.alpes-usinage.com\/creation-entreprise\/\",\"name\":\"Alpes Usinage\",\"isPartOf\":{\"@id\":\"https:\/\/www.alpes-usinage.com\/#website\"},\"datePublished\":\"2021-03-03T10:14:35+00:00\",\"dateModified\":\"2021-11-19T09:09:01+00:00\",\"description\":\"Alpes Usinage\",\"breadcrumb\":{\"@id\":\"https:\/\/www.alpes-usinage.com\/creation-entreprise\/#breadcrumb\"},\"inLanguage\":\"de\",\"potentialAction\":[{\"@type\":\"ReadAction\",\"target\":[\"https:\/\/www.alpes-usinage.com\/creation-entreprise\/\"]}]},{\"@type\":\"BreadcrumbList\",\"@id\":\"https:\/\/www.alpes-usinage.com\/creation-entreprise\/#breadcrumb\",\"itemListElement\":[{\"@type\":\"ListItem\",\"position\":1,\"name\":\"Home\",\"item\":\"https:\/\/www.alpes-usinage.com\/\"},{\"@type\":\"ListItem\",\"position\":2,\"name\":\"Gr\u00fcndung des Unternehmens\"}]},{\"@type\":\"WebSite\",\"@id\":\"https:\/\/www.alpes-usinage.com\/#website\",\"url\":\"https:\/\/www.alpes-usinage.com\/\",\"name\":\"D\u00e9coprem\",\"description\":\"Le monde de la pr\u00e9cision\",\"publisher\":{\"@id\":\"https:\/\/www.alpes-usinage.com\/#organization\"},\"potentialAction\":[{\"@type\":\"SearchAction\",\"target\":{\"@type\":\"EntryPoint\",\"urlTemplate\":\"https:\/\/www.alpes-usinage.com\/?s={search_term_string}\"},\"query-input\":\"required name=search_term_string\"}],\"inLanguage\":\"de\"},{\"@type\":\"Organization\",\"@id\":\"https:\/\/www.alpes-usinage.com\/#organization\",\"name\":\"D\u00e9coprem\",\"url\":\"https:\/\/www.alpes-usinage.com\/\",\"sameAs\":[],\"logo\":{\"@type\":\"ImageObject\",\"inLanguage\":\"de\",\"@id\":\"https:\/\/www.alpes-usinage.com\/#\/schema\/logo\/image\/\",\"url\":\"https:\/\/www.alpes-usinage.com\/wp-content\/uploads\/2026\/04\/cropped-Logo-decoprem-base-line.png\",\"contentUrl\":\"https:\/\/www.alpes-usinage.com\/wp-content\/uploads\/2026\/04\/cropped-Logo-decoprem-base-line.png\",\"width\":300,\"height\":72,\"caption\":\"D\u00e9coprem\"},\"image\":{\"@id\":\"https:\/\/www.alpes-usinage.com\/#\/schema\/logo\/image\/\"}}]}<\/script>\n<!-- \/ Yoast SEO plugin. -->","yoast_head_json":{"title":"Alpes Usinage","description":"Alpes Usinage","robots":{"index":"noindex","follow":"follow"},"og_locale":"de_DE","og_type":"article","og_title":"Alpes Usinage","og_description":"Alpes Usinage","og_url":"https:\/\/www.alpes-usinage.com\/creation-entreprise\/","og_site_name":"D\u00e9coprem","article_modified_time":"2021-11-19T09:09:01+00:00","twitter_card":"summary_large_image","twitter_misc":{"Gesch\u00e4tzte Lesezeit":"2\u00a0Minuten"},"schema":{"@context":"https:\/\/schema.org","@graph":[{"@type":"WebPage","@id":"https:\/\/www.alpes-usinage.com\/creation-entreprise\/","url":"https:\/\/www.alpes-usinage.com\/creation-entreprise\/","name":"Alpes Usinage","isPartOf":{"@id":"https:\/\/www.alpes-usinage.com\/#website"},"datePublished":"2021-03-03T10:14:35+00:00","dateModified":"2021-11-19T09:09:01+00:00","description":"Alpes Usinage","breadcrumb":{"@id":"https:\/\/www.alpes-usinage.com\/creation-entreprise\/#breadcrumb"},"inLanguage":"de","potentialAction":[{"@type":"ReadAction","target":["https:\/\/www.alpes-usinage.com\/creation-entreprise\/"]}]},{"@type":"BreadcrumbList","@id":"https:\/\/www.alpes-usinage.com\/creation-entreprise\/#breadcrumb","itemListElement":[{"@type":"ListItem","position":1,"name":"Home","item":"https:\/\/www.alpes-usinage.com\/"},{"@type":"ListItem","position":2,"name":"Gr\u00fcndung des Unternehmens"}]},{"@type":"WebSite","@id":"https:\/\/www.alpes-usinage.com\/#website","url":"https:\/\/www.alpes-usinage.com\/","name":"D\u00e9coprem","description":"Le monde de la pr\u00e9cision","publisher":{"@id":"https:\/\/www.alpes-usinage.com\/#organization"},"potentialAction":[{"@type":"SearchAction","target":{"@type":"EntryPoint","urlTemplate":"https:\/\/www.alpes-usinage.com\/?s={search_term_string}"},"query-input":"required name=search_term_string"}],"inLanguage":"de"},{"@type":"Organization","@id":"https:\/\/www.alpes-usinage.com\/#organization","name":"D\u00e9coprem","url":"https:\/\/www.alpes-usinage.com\/","sameAs":[],"logo":{"@type":"ImageObject","inLanguage":"de","@id":"https:\/\/www.alpes-usinage.com\/#\/schema\/logo\/image\/","url":"https:\/\/www.alpes-usinage.com\/wp-content\/uploads\/2026\/04\/cropped-Logo-decoprem-base-line.png","contentUrl":"https:\/\/www.alpes-usinage.com\/wp-content\/uploads\/2026\/04\/cropped-Logo-decoprem-base-line.png","width":300,"height":72,"caption":"D\u00e9coprem"},"image":{"@id":"https:\/\/www.alpes-usinage.com\/#\/schema\/logo\/image\/"}}]}},"_links":{"self":[{"href":"https:\/\/www.alpes-usinage.com\/de\/wp-json\/wp\/v2\/pages\/1574"}],"collection":[{"href":"https:\/\/www.alpes-usinage.com\/de\/wp-json\/wp\/v2\/pages"}],"about":[{"href":"https:\/\/www.alpes-usinage.com\/de\/wp-json\/wp\/v2\/types\/page"}],"author":[{"embeddable":true,"href":"https:\/\/www.alpes-usinage.com\/de\/wp-json\/wp\/v2\/users\/1"}],"replies":[{"embeddable":true,"href":"https:\/\/www.alpes-usinage.com\/de\/wp-json\/wp\/v2\/comments?post=1574"}],"version-history":[{"count":0,"href":"https:\/\/www.alpes-usinage.com\/de\/wp-json\/wp\/v2\/pages\/1574\/revisions"}],"wp:attachment":[{"href":"https:\/\/www.alpes-usinage.com\/de\/wp-json\/wp\/v2\/media?parent=1574"}],"curies":[{"name":"wp","href":"https:\/\/api.w.org\/{rel}","templated":true}]}}