{"id":1582,"date":"2021-03-03T11:20:33","date_gmt":"2021-03-03T10:20:33","guid":{"rendered":"https:\/\/www.alpes-usinage.com\/piece-critique-haute-technologie\/"},"modified":"2021-11-19T10:08:58","modified_gmt":"2021-11-19T09:08:58","slug":"entwicklung-eines-einzigartigen-geschaeftsmodells","status":"publish","type":"page","link":"https:\/\/www.alpes-usinage.com\/de\/entwicklung-eines-einzigartigen-geschaeftsmodells\/","title":{"rendered":"Entwicklung eines einzigartigen Gesch\u00e4ftsmodells"},"content":{"rendered":"<p>[vc_row full_width=&#8220;stretch_row&#8220; el_class=&#8220;bandeau process&#8220; css=&#8220;.vc_custom_1608191121453{background-color: #01214b !important;}&#8220;][vc_column][vc_empty_space height=&#8220;0&#8243;][vc_column_text css=&#8220;.vc_custom_1636119535172{margin-top: 20px !important;margin-bottom: 20px !important;}&#8220;]<\/p>\n<h1 class=\"txt-blanc\" style=\"text-align: center;\"><strong>HISTORIE<\/strong><\/h1>\n<p>[\/vc_column_text][vc_empty_space height=&#8220;0&#8243;][\/vc_column][\/vc_row][vc_row full_width=&#8220;stretch_row_content&#8220;][vc_column width=&#8220;1\/2&#8243; el_class=&#8220;block-titre-txt-btn-g&#8220;][vc_column_text]<\/p>\n<h2><strong>ENTSTEHUNG EINES BESONDEREN GESCH\u00c4FTSMODELLS<\/strong><\/h2>\n<p class=\"sous-titre-h3\">1978 &#8211; 2000<\/p>\n<p>Bereits 1980 kauft Alpes Usinage (damals DECOPREM) die ersten NC-Drehmaschinen im Arve-Tal und investiert damit in fortschrittliche Technologien, die Zuverl\u00e4ssigkeit, Pr\u00e4zision und Kostenkontrolle erm\u00f6glichen. Der Einsatz von Hightech-Bearbeitung zur Steigerung der Genauigkeit und Flexibilit\u00e4t war ein st\u00e4ndiges Anliegen der Gesch\u00e4ftsleitung und eine Grundlage f\u00fcr den Erfolg.<\/p>\n<p>Gleichzeitig baut die Unternehmensleitung eine origin\u00e4re Fertigungsorganisation auf, die die Nacharbeit auf ein Minimum reduziert und sich auf autonome, verantwortungsvolle Produktionsinseln und ein fortschrittliches R\u00fcckverfolgbarkeitssystem st\u00fctzt. Alpes Usinage optimiert so Flexibilit\u00e4t, Arbeitszeit, Pr\u00e4zision, Qualit\u00e4t und Kosten.<\/p>\n<p>Das Unternehmen w\u00e4chst weiter. Mitarbeiter werden eingestellt und die Geb\u00e4ude werden ausgebaut, um die historischen Kunden aus den Bereichen Haushaltsger\u00e4te, Fahrr\u00e4der und Rotationsmaschinen beliefern zu k\u00f6nnen. Die Aktivit\u00e4t der Firma wird auf die Bereiche Verpackungsmaschinen und Hydraulik ausgeweitet. 1998 verst\u00e4rkt Alpes Usinage seine Qualit\u00e4tskontroll- und Logistikfunktionen durch die \u00dcbernahme von DS 74.[\/vc_column_text][\/vc_column][vc_column width=&#8220;1\/2&#8243;][vc_column_text el_class=&#8220;dev-timeline&#8220;]<div class=\"bold_timeline_container bold_timeline_container_line_style_solid bold_timeline_container_has_line_style bold_timeline_container_line_thickness_thick bold_timeline_container_item_style_outline bold_timeline_container_line_position_vertical bold_timeline_container_line_position_left bold_timeline_container_item_frame_thickness_thick bold_timeline_container_item_shape_square bold_timeline_container_item_icon_position_line bold_timeline_container_item_icon_shape_hard_rounded bold_timeline_container_item_icon_style_filled bold_timeline_container_item_connection_type_triangle bold_timeline_container_item_content_display_show bold_timeline_container_item_marker_type_circle_small bold_timeline_container_item_title_size_normal bold_timeline_container_item_supertitle_style_default bold_timeline_container_item_alignment_default bold_timeline_container_item_media_position_bottom bold_timeline_container_item_images_columns_1 bold_timeline_container_item_animation_fade_in bold_timeline_container_group_style_clear bold_timeline_container_group_shape_square bold_timeline_container_group_thickness_normal bold_timeline_container_group_content_display_show bold_timeline_container_button_style_outline bold_timeline_container_button_shape_soft_rounded bold_timeline_container_button_size_normal bold_timeline_container_group_title_size_large\" id=\"id_69e4b1bd05b03\" data-css-override=\"\"><div class = \"bold_timeline_container_line\"><\/div><div class=\"bold_timeline_container_content\"><div class=\"bold_timeline_group bold_timeline_group_override_style_clear bold_timeline_group_override_shape_square bold_timeline_group_override_content_display_show bold_timeline_group_override_title_size_large bold_timeline_animate\" id=\"id_69e4b1bd05d84\" data-css-override=\"\"><div class=\"bold_timeline_group_inner\"><div class=\"bold_timeline_group_header\"><div class=\"bold_timeline_group_header_inner\"><h3 class=\"bold_timeline_group_header_title\">1980<\/h3><\/div><\/div><\/div><div class=\"bold_timeline_group_content\"><div class=\"bold_timeline_item bold_timeline_item_override_style_inherit bold_timeline_item_override_shape_inherit bold_timeline_item_override_frame_thickness_inherit bold_timeline_item_override_connection_type_inherit bold_timeline_item_override_content_display_inherit bold_timeline_item_override_animation_inherit bold_timeline_animate bold_timeline_item_override_marker_type_inherit bold_timeline_item_override_icon_position_inherit bold_timeline_item_override_icon_style_inherit bold_timeline_item_override_icon_shape_inherit bold_timeline_item_override_media_position_inherit bold_timeline_item_override_title_size_inherit bold_timeline_item_override_supertitle_style_inherit bold_timeline_item_override_alignment_inherit bold_timeline_item_override_images_columns_inherit\" id=\"id_69e4b1bd06044\" data-css-override=\"\" data-margin-top=\"0\"><div class = \"bold_timeline_item_marker\"><\/div><div class = \"bold_timeline_item_connection\"><\/div><div class=\"bold_timeline_item_inner\"><div class=\"bold_timeline_item_header bold_timeline_item_header_no_content\"><div class=\"bold_timeline_item_header_inner\"><h2 class=\"bold_timeline_item_header_title\">1. NC-Drehmasche: technologischer Fortschritt<\/h2><\/div><\/div><div class=\"bold_timeline_item_content\"><\/div><\/div><\/div><\/div><div class=\"bold_timeline_group_show_button\"><div class=\"bold_timeline_group_show_button_inner\">[bold_timeline_item_button title=&#8220;Expand&#8220; style=&#8220;&#8220; shape=&#8220;&#8220; color=&#8220;&#8220; size=&#8220;inline&#8220; url=&#8220;#&#8220; el_class=&#8220;bold_timeline_group_button&#8220;]<\/div><\/div><\/div><div class=\"bold_timeline_group bold_timeline_group_override_style_clear bold_timeline_group_override_shape_square bold_timeline_group_override_content_display_show bold_timeline_group_override_title_size_large bold_timeline_animate\" id=\"id_69e4b1bd061df\" data-css-override=\"\"><div class=\"bold_timeline_group_inner\"><div class=\"bold_timeline_group_header\"><div class=\"bold_timeline_group_header_inner\"><h3 class=\"bold_timeline_group_header_title\">1986<\/h3><\/div><\/div><\/div><div class=\"bold_timeline_group_content\"><div class=\"bold_timeline_item bold_timeline_item_override_style_inherit bold_timeline_item_override_shape_inherit bold_timeline_item_override_frame_thickness_inherit bold_timeline_item_override_connection_type_inherit bold_timeline_item_override_content_display_inherit bold_timeline_item_override_animation_inherit bold_timeline_animate bold_timeline_item_override_marker_type_inherit bold_timeline_item_override_icon_position_inherit bold_timeline_item_override_icon_style_inherit bold_timeline_item_override_icon_shape_inherit bold_timeline_item_override_media_position_inherit bold_timeline_item_override_title_size_inherit bold_timeline_item_override_supertitle_style_inherit bold_timeline_item_override_alignment_inherit bold_timeline_item_override_images_columns_inherit\" id=\"id_69e4b1bd0635e\" data-css-override=\"\" data-margin-top=\"0\"><div class = \"bold_timeline_item_marker\"><\/div><div class = \"bold_timeline_item_connection\"><\/div><div class=\"bold_timeline_item_inner\"><div class=\"bold_timeline_item_header bold_timeline_item_header_no_content\"><div class=\"bold_timeline_item_header_inner\"><h2 class=\"bold_timeline_item_header_title\">Ausbau der Firmengeb\u00e4ude<\/h2><\/div><\/div><div class=\"bold_timeline_item_content\"><\/div><\/div><\/div><\/div><div class=\"bold_timeline_group_show_button\"><div class=\"bold_timeline_group_show_button_inner\">[bold_timeline_item_button title=&#8220;Expand&#8220; style=&#8220;&#8220; shape=&#8220;&#8220; color=&#8220;&#8220; size=&#8220;inline&#8220; url=&#8220;#&#8220; el_class=&#8220;bold_timeline_group_button&#8220;]<\/div><\/div><\/div><div class=\"bold_timeline_group bold_timeline_group_override_style_clear bold_timeline_group_override_shape_square bold_timeline_group_override_content_display_show bold_timeline_group_override_title_size_large bold_timeline_animate\" id=\"id_69e4b1bd064c6\" data-css-override=\"\"><div class=\"bold_timeline_group_inner\"><div class=\"bold_timeline_group_header\"><div class=\"bold_timeline_group_header_inner\"><h3 class=\"bold_timeline_group_header_title\">1990<\/h3><\/div><\/div><\/div><div class=\"bold_timeline_group_content\"><div class=\"bold_timeline_item bold_timeline_item_override_style_inherit bold_timeline_item_override_shape_inherit bold_timeline_item_override_frame_thickness_inherit bold_timeline_item_override_connection_type_inherit bold_timeline_item_override_content_display_inherit bold_timeline_item_override_animation_inherit bold_timeline_animate bold_timeline_item_override_marker_type_inherit bold_timeline_item_override_icon_position_inherit bold_timeline_item_override_icon_style_inherit bold_timeline_item_override_icon_shape_inherit bold_timeline_item_override_media_position_inherit bold_timeline_item_override_title_size_inherit bold_timeline_item_override_supertitle_style_inherit bold_timeline_item_override_alignment_inherit bold_timeline_item_override_images_columns_inherit\" id=\"id_69e4b1bd06628\" data-css-override=\"\" data-margin-top=\"0\"><div class = \"bold_timeline_item_marker\"><\/div><div class = \"bold_timeline_item_connection\"><\/div><div class=\"bold_timeline_item_inner\"><div class=\"bold_timeline_item_header bold_timeline_item_header_no_content\"><div class=\"bold_timeline_item_header_inner\"><h2 class=\"bold_timeline_item_header_title\">Autonome Fertigungsinseln<\/h2><\/div><\/div><div class=\"bold_timeline_item_content\"><\/div><\/div><\/div><\/div><div class=\"bold_timeline_group_show_button\"><div class=\"bold_timeline_group_show_button_inner\">[bold_timeline_item_button title=&#8220;Expand&#8220; style=&#8220;&#8220; shape=&#8220;&#8220; color=&#8220;&#8220; size=&#8220;inline&#8220; url=&#8220;#&#8220; el_class=&#8220;bold_timeline_group_button&#8220;]<\/div><\/div><\/div><div class=\"bold_timeline_group bold_timeline_group_override_style_clear bold_timeline_group_override_shape_square bold_timeline_group_override_content_display_show bold_timeline_group_override_title_size_large bold_timeline_animate\" id=\"id_69e4b1bd06783\" data-css-override=\"\"><div class=\"bold_timeline_group_inner\"><div class=\"bold_timeline_group_header\"><div class=\"bold_timeline_group_header_inner\"><h3 class=\"bold_timeline_group_header_title\">1998<\/h3><\/div><\/div><\/div><div class=\"bold_timeline_group_content\"><div class=\"bold_timeline_item bold_timeline_item_override_style_inherit bold_timeline_item_override_shape_inherit bold_timeline_item_override_frame_thickness_inherit bold_timeline_item_override_connection_type_inherit bold_timeline_item_override_content_display_inherit bold_timeline_item_override_animation_inherit bold_timeline_animate bold_timeline_item_override_marker_type_inherit bold_timeline_item_override_icon_position_inherit bold_timeline_item_override_icon_style_inherit bold_timeline_item_override_icon_shape_inherit bold_timeline_item_override_media_position_inherit bold_timeline_item_override_title_size_inherit bold_timeline_item_override_supertitle_style_inherit bold_timeline_item_override_alignment_inherit bold_timeline_item_override_images_columns_inherit\" id=\"id_69e4b1bd068fd\" data-css-override=\"\" data-margin-top=\"0\"><div class = \"bold_timeline_item_marker\"><\/div><div class = \"bold_timeline_item_connection\"><\/div><div class=\"bold_timeline_item_inner\"><div class=\"bold_timeline_item_header bold_timeline_item_header_no_content\"><div class=\"bold_timeline_item_header_inner\"><h2 class=\"bold_timeline_item_header_title\">Erwerb von DS74: Qualit\u00e4ts- und Logistiksystem<\/h2><\/div><\/div><div class=\"bold_timeline_item_content\"><\/div><\/div><\/div><\/div><div class=\"bold_timeline_group_show_button\"><div class=\"bold_timeline_group_show_button_inner\">[bold_timeline_item_button title=&#8220;Expand&#8220; style=&#8220;&#8220; shape=&#8220;&#8220; color=&#8220;&#8220; size=&#8220;inline&#8220; url=&#8220;#&#8220; el_class=&#8220;bold_timeline_group_button&#8220;]<\/div><\/div><\/div><\/div><\/div>[\/vc_column_text][\/vc_column][\/vc_row][vc_row][vc_column width=&#8220;1\/3&#8243;][vc_btn title=&#8220;Zur\u00fcck&#8220; style=&#8220;custom&#8220; custom_background=&#8220;#2c94c7&#8243; custom_text=&#8220;#ffffff&#8220; shape=&#8220;square&#8220; align=&#8220;center&#8220; i_icon_fontawesome=&#8220;fas fa-angle-left&#8220; add_icon=&#8220;true&#8220; el_class=&#8220;btn-style btn-style-crea&#8220; link=&#8220;url:https%3A%2F%2Fwww.alpes-usinage.com%2Fde%2Fgruendung-unternehmens%2F|title:Cr%C3%A9ation%20de%20l%E2%80%99entreprise&#8220;][\/vc_column][vc_column width=&#8220;1\/3&#8243;][vc_btn title=&#8220;Startseite&#8220; style=&#8220;custom&#8220; custom_background=&#8220;#2c94c7&#8243; custom_text=&#8220;#ffffff&#8220; shape=&#8220;square&#8220; align=&#8220;center&#8220; i_align=&#8220;right&#8220; i_icon_fontawesome=&#8220;fas fa-angle-up&#8220; add_icon=&#8220;true&#8220; el_class=&#8220;btn-style btn-style-retour&#8220; link=&#8220;url:https%3A%2F%2Fwww.alpes-usinage.com%2Fde%2F|title:home&#8220;][\/vc_column][vc_column width=&#8220;1\/3&#8243;][vc_btn title=&#8220;Weiter&#8220; style=&#8220;custom&#8220; custom_background=&#8220;#2c94c7&#8243; custom_text=&#8220;#ffffff&#8220; shape=&#8220;square&#8220; align=&#8220;center&#8220; i_align=&#8220;right&#8220; i_icon_fontawesome=&#8220;fas fa-chevron-right&#8220; add_icon=&#8220;true&#8220; el_class=&#8220;btn-style btn-style-aero&#8220; link=&#8220;url:https%3A%2F%2Fwww.alpes-usinage.com%2Fde%2Fzulieferer-fuer-die-herstellung-von-teilen-fuer-die-luft%2F|title:Sp%C3%A9cialisation%20a%C3%A9ronautique%20et%20a%C3%A9rospatiale&#8220;][\/vc_column][\/vc_row]<\/p>\n","protected":false},"excerpt":{"rendered":"<p>[vc_row full_width=&#8220;stretch_row&#8220; el_class=&#8220;bandeau process&#8220; css=&#8220;.vc_custom_1608191121453{background-color: #01214b !important;}&#8220;][vc_column][vc_empty_space height=&#8220;0&#8243;][vc_column_text css=&#8220;.vc_custom_1636119535172{margin-top: 20px !important;margin-bottom: 20px !important;}&#8220;] HISTORIE [\/vc_column_text][vc_empty_space height=&#8220;0&#8243;][\/vc_column][\/vc_row][vc_row full_width=&#8220;stretch_row_content&#8220;][vc_column width=&#8220;1\/2&#8243; el_class=&#8220;block-titre-txt-btn-g&#8220;][vc_column_text] ENTSTEHUNG EINES BESONDEREN GESCH\u00c4FTSMODELLS 1978 &#8211; 2000<span class=\"excerpt-hellip\"> [\u2026]<\/span><\/p>\n","protected":false},"author":1,"featured_media":0,"parent":0,"menu_order":0,"comment_status":"closed","ping_status":"closed","template":"","meta":[],"yoast_head":"<!-- This site is optimized with the Yoast SEO plugin v19.8 - https:\/\/yoast.com\/wordpress\/plugins\/seo\/ -->\n<title>Alpes Usinage<\/title>\n<meta name=\"description\" content=\"Alpes Usinage\" \/>\n<meta name=\"robots\" content=\"noindex, follow\" \/>\n<meta property=\"og:locale\" content=\"de_DE\" \/>\n<meta property=\"og:type\" content=\"article\" \/>\n<meta property=\"og:title\" content=\"Alpes Usinage\" \/>\n<meta property=\"og:description\" content=\"Alpes Usinage\" \/>\n<meta property=\"og:url\" content=\"https:\/\/www.alpes-usinage.com\/piece-critique-haute-technologie\/\" \/>\n<meta property=\"og:site_name\" content=\"D\u00e9coprem\" \/>\n<meta property=\"article:modified_time\" content=\"2021-11-19T09:08:58+00:00\" \/>\n<meta name=\"twitter:card\" content=\"summary_large_image\" \/>\n<meta name=\"twitter:label1\" content=\"Gesch\u00e4tzte Lesezeit\" \/>\n\t<meta name=\"twitter:data1\" content=\"2\u00a0Minuten\" \/>\n<script type=\"application\/ld+json\" class=\"yoast-schema-graph\">{\"@context\":\"https:\/\/schema.org\",\"@graph\":[{\"@type\":\"WebPage\",\"@id\":\"https:\/\/www.alpes-usinage.com\/piece-critique-haute-technologie\/\",\"url\":\"https:\/\/www.alpes-usinage.com\/piece-critique-haute-technologie\/\",\"name\":\"Alpes Usinage\",\"isPartOf\":{\"@id\":\"https:\/\/www.alpes-usinage.com\/#website\"},\"datePublished\":\"2021-03-03T10:20:33+00:00\",\"dateModified\":\"2021-11-19T09:08:58+00:00\",\"description\":\"Alpes Usinage\",\"breadcrumb\":{\"@id\":\"https:\/\/www.alpes-usinage.com\/piece-critique-haute-technologie\/#breadcrumb\"},\"inLanguage\":\"de\",\"potentialAction\":[{\"@type\":\"ReadAction\",\"target\":[\"https:\/\/www.alpes-usinage.com\/piece-critique-haute-technologie\/\"]}]},{\"@type\":\"BreadcrumbList\",\"@id\":\"https:\/\/www.alpes-usinage.com\/piece-critique-haute-technologie\/#breadcrumb\",\"itemListElement\":[{\"@type\":\"ListItem\",\"position\":1,\"name\":\"Home\",\"item\":\"https:\/\/www.alpes-usinage.com\/\"},{\"@type\":\"ListItem\",\"position\":2,\"name\":\"Entwicklung eines einzigartigen Gesch\u00e4ftsmodells\"}]},{\"@type\":\"WebSite\",\"@id\":\"https:\/\/www.alpes-usinage.com\/#website\",\"url\":\"https:\/\/www.alpes-usinage.com\/\",\"name\":\"D\u00e9coprem\",\"description\":\"Le monde de la pr\u00e9cision\",\"publisher\":{\"@id\":\"https:\/\/www.alpes-usinage.com\/#organization\"},\"potentialAction\":[{\"@type\":\"SearchAction\",\"target\":{\"@type\":\"EntryPoint\",\"urlTemplate\":\"https:\/\/www.alpes-usinage.com\/?s={search_term_string}\"},\"query-input\":\"required name=search_term_string\"}],\"inLanguage\":\"de\"},{\"@type\":\"Organization\",\"@id\":\"https:\/\/www.alpes-usinage.com\/#organization\",\"name\":\"D\u00e9coprem\",\"url\":\"https:\/\/www.alpes-usinage.com\/\",\"sameAs\":[],\"logo\":{\"@type\":\"ImageObject\",\"inLanguage\":\"de\",\"@id\":\"https:\/\/www.alpes-usinage.com\/#\/schema\/logo\/image\/\",\"url\":\"https:\/\/www.alpes-usinage.com\/wp-content\/uploads\/2026\/04\/cropped-Logo-decoprem-base-line.png\",\"contentUrl\":\"https:\/\/www.alpes-usinage.com\/wp-content\/uploads\/2026\/04\/cropped-Logo-decoprem-base-line.png\",\"width\":300,\"height\":72,\"caption\":\"D\u00e9coprem\"},\"image\":{\"@id\":\"https:\/\/www.alpes-usinage.com\/#\/schema\/logo\/image\/\"}}]}<\/script>\n<!-- \/ Yoast SEO plugin. -->","yoast_head_json":{"title":"Alpes Usinage","description":"Alpes Usinage","robots":{"index":"noindex","follow":"follow"},"og_locale":"de_DE","og_type":"article","og_title":"Alpes Usinage","og_description":"Alpes Usinage","og_url":"https:\/\/www.alpes-usinage.com\/piece-critique-haute-technologie\/","og_site_name":"D\u00e9coprem","article_modified_time":"2021-11-19T09:08:58+00:00","twitter_card":"summary_large_image","twitter_misc":{"Gesch\u00e4tzte Lesezeit":"2\u00a0Minuten"},"schema":{"@context":"https:\/\/schema.org","@graph":[{"@type":"WebPage","@id":"https:\/\/www.alpes-usinage.com\/piece-critique-haute-technologie\/","url":"https:\/\/www.alpes-usinage.com\/piece-critique-haute-technologie\/","name":"Alpes Usinage","isPartOf":{"@id":"https:\/\/www.alpes-usinage.com\/#website"},"datePublished":"2021-03-03T10:20:33+00:00","dateModified":"2021-11-19T09:08:58+00:00","description":"Alpes Usinage","breadcrumb":{"@id":"https:\/\/www.alpes-usinage.com\/piece-critique-haute-technologie\/#breadcrumb"},"inLanguage":"de","potentialAction":[{"@type":"ReadAction","target":["https:\/\/www.alpes-usinage.com\/piece-critique-haute-technologie\/"]}]},{"@type":"BreadcrumbList","@id":"https:\/\/www.alpes-usinage.com\/piece-critique-haute-technologie\/#breadcrumb","itemListElement":[{"@type":"ListItem","position":1,"name":"Home","item":"https:\/\/www.alpes-usinage.com\/"},{"@type":"ListItem","position":2,"name":"Entwicklung eines einzigartigen Gesch\u00e4ftsmodells"}]},{"@type":"WebSite","@id":"https:\/\/www.alpes-usinage.com\/#website","url":"https:\/\/www.alpes-usinage.com\/","name":"D\u00e9coprem","description":"Le monde de la pr\u00e9cision","publisher":{"@id":"https:\/\/www.alpes-usinage.com\/#organization"},"potentialAction":[{"@type":"SearchAction","target":{"@type":"EntryPoint","urlTemplate":"https:\/\/www.alpes-usinage.com\/?s={search_term_string}"},"query-input":"required name=search_term_string"}],"inLanguage":"de"},{"@type":"Organization","@id":"https:\/\/www.alpes-usinage.com\/#organization","name":"D\u00e9coprem","url":"https:\/\/www.alpes-usinage.com\/","sameAs":[],"logo":{"@type":"ImageObject","inLanguage":"de","@id":"https:\/\/www.alpes-usinage.com\/#\/schema\/logo\/image\/","url":"https:\/\/www.alpes-usinage.com\/wp-content\/uploads\/2026\/04\/cropped-Logo-decoprem-base-line.png","contentUrl":"https:\/\/www.alpes-usinage.com\/wp-content\/uploads\/2026\/04\/cropped-Logo-decoprem-base-line.png","width":300,"height":72,"caption":"D\u00e9coprem"},"image":{"@id":"https:\/\/www.alpes-usinage.com\/#\/schema\/logo\/image\/"}}]}},"_links":{"self":[{"href":"https:\/\/www.alpes-usinage.com\/de\/wp-json\/wp\/v2\/pages\/1582"}],"collection":[{"href":"https:\/\/www.alpes-usinage.com\/de\/wp-json\/wp\/v2\/pages"}],"about":[{"href":"https:\/\/www.alpes-usinage.com\/de\/wp-json\/wp\/v2\/types\/page"}],"author":[{"embeddable":true,"href":"https:\/\/www.alpes-usinage.com\/de\/wp-json\/wp\/v2\/users\/1"}],"replies":[{"embeddable":true,"href":"https:\/\/www.alpes-usinage.com\/de\/wp-json\/wp\/v2\/comments?post=1582"}],"version-history":[{"count":0,"href":"https:\/\/www.alpes-usinage.com\/de\/wp-json\/wp\/v2\/pages\/1582\/revisions"}],"wp:attachment":[{"href":"https:\/\/www.alpes-usinage.com\/de\/wp-json\/wp\/v2\/media?parent=1582"}],"curies":[{"name":"wp","href":"https:\/\/api.w.org\/{rel}","templated":true}]}}